{"id":2652,"date":"2017-06-13T12:22:56","date_gmt":"2017-06-13T10:22:56","guid":{"rendered":"http:\/\/www.vlnka.info\/en\/?page_id=2652"},"modified":"2023-01-31T12:39:07","modified_gmt":"2023-01-31T10:39:07","slug":"o-nas","status":"publish","type":"page","link":"https:\/\/www.vlnka.info\/en\/o-nas\/","title":{"rendered":"About Us"},"content":{"rendered":"<section class=\"section  swatch-yacht \"><div class=\"container\">\n<div class=\"row-fluid\">\n<div class=\"span4\">\n<div class=\"box-round box-huge\"><div class=\"box-dummy\"><\/div><span class=\"box-inner swatch-yacht\"><img class=\"img-circle\" src=\"http:\/\/www.vlnka.info\/wp-content\/uploads\/2019\/06\/sympaticke_miesto_02.jpg\" alt=\"\"><\/span><\/div>\n<\/div>\n<div class=\"span8\">\n<div class=\"text-center\">\n<h1>A pleasant place<\/h1>\n<p class=\"lead\">\nHow can you recognise a pleasant place?<br \/>\nIt\u2019s very simple: As soon as you arrive you feel great there.<br \/>\nThat was our philosophy when we created Vlnka.<br \/>\nA place where we feel great and where our children are happy.<br \/>\nAnd where you too will feel great.<br \/>\nCome join us and see for yourselves.\n<\/p>\n<\/div>\n<\/div>\n<\/div>\n<\/div><\/section>\n<section class=\"section  swatch-greensea \"><div class=\"section-background\" style=\"background-image:url('http:\/\/www.vlnka.info\/wp-content\/uploads\/2015\/03\/kustik_mora_01.jpg');background-attachment:fixed;opacity:0.3;background-repeat:no-repeat;background-size:cover;\"><\/div><div class=\"container\"><div class=\"section-header\"><h2 class=\"headline text-caps\">A little bit of sea<\/h2><p>We like the sea. But it\u2019s a long way away.<br \/>\nSo we\u2019ve brought it to Pie\u0161\u0165any.<br \/>\nWe have a pool with mildly saline warm water.<br \/>\nApartments where you really feel like you\u2019re by the sea.<br \/>\nBut where the language spoken is Slovak.<\/p><\/div>\n<\/div><\/section>\n<section class=\"section  swatch-greensea-dark \"><div class=\"container\">\n<div class=\"row-fluid\">\n<div class=\"span7\">\n<div class=\"text-center\">\n<h1>Family first<\/h1>\n<p class=\"lead\">\nVlnka is perfect for family breaks.<br \/>\nAfter all, it was made for family breaks.<br \/>\nFamilies with children can have fun in the pool.<br \/>\nFamilies without children can unwind by the pool.<br \/>\nOr also have fun in the pool.<br \/>\nOf course without kids there\u2019s more room.<br \/>\nBut with kids there\u2019s more fun.\n<\/p>\n<\/div>\n<\/div>\n<div class=\"span5\">\n<div class=\"box-round box-huge\"><div class=\"box-dummy\"><\/div><span class=\"box-inner swatch-greensea-dark\"><img class=\"img-circle\" src=\"http:\/\/www.vlnka.info\/wp-content\/uploads\/2015\/03\/rodina_nadovsetko_01.png\" alt=\"\"><\/span><\/div>\n<\/div>\n<\/div>\n<\/div><\/section>\n<section class=\"section  swatch-sunflower \"><div class=\"section-background\" style=\"background-image:url('http:\/\/www.vlnka.info\/wp-content\/uploads\/2015\/03\/teplo_svetlo_03.png');background-attachment:fixed;opacity:0.3;background-repeat:no-repeat;background-size:cover;\"><\/div><div class=\"container\"><div class=\"section-header\"><h2 class=\"headline text-caps\">Heat and light<\/h2><p>Our whole complex is southwest facing.<br \/>\nSo there\u2019s as much heat as possible.<br \/>\nAnd as much light as possible.<br \/>\nWhether outdoors or in themed apartments.<br \/>\nThey\u2019ve got large glass entrances. Because of the light.<br \/>\nAnd the furniture is of bright, natural materials.<br \/>\nBecause of the heat.<br \/>\nWe like light and heat.<br \/>\nWho doesn\u2019t?<\/p><\/div>\n<\/div><\/section>\n<section class=\"section  swatch-orange \"><div class=\"container\">\n<div class=\"row-fluid\">\n<div class=\"span4\">\n<div class=\"box-round box-huge\"><div class=\"box-dummy\"><\/div><span class=\"box-inner swatch-orange\"><img class=\"img-circle\" src=\"http:\/\/www.vlnka.info\/wp-content\/uploads\/2015\/03\/co_len_chcete_01.png\" alt=\"\"><\/span><\/div>\n<\/div>\n<div class=\"span8\">\n<div class=\"text-center\">\n<h1>Whatever you want<\/h1>\n<p class=\"lead\">\nIt\u2019s so great at Vlnka that our guests don\u2019t want to go anywhere.<br \/>\nIn the morning they can order a filling breakfast.<br \/>\nOr cook something in the kitchen in their apartment.<br \/>\nThere\u2019s a pool and free Wi-Fi all day.<br \/>\nKids love the children\u2019s play area.<br \/>\nAt the Vlnka bar we\u2019ve got excellent coffee from a local producer.<br \/>\nRefreshing homemade lemonade.<br \/>\nAnd in the evening top quality wine from the Hlohovec winegrowing area.<br \/>\nIf that\u2019s not enough, just let us know.<br \/>\nWe can arrange massages, water skiing and tennis.<br \/>\nWe can show you the cycle and skating path around the S\u013e\u0148ava.<br \/>\nWe\u2019ll advise you on longer and shorter trips in the surrounding area.<br \/>\nAnd do our level best to ensure you have a great time.\n<\/p>\n<\/div>\n<\/div>\n<\/div>\n<\/div><\/section>\n<section class=\"section  swatch-midnightblue \"><div class=\"section-background\" style=\"background-image:url('http:\/\/www.vlnka.info\/wp-content\/uploads\/2015\/03\/nevynechat_piestany_01.png');background-attachment:fixed;opacity:0.2;background-repeat:no-repeat;background-size:cover;\"><\/div><div class=\"container\"><div class=\"section-header\"><h2 class=\"headline text-caps\">Don\u2019t miss Pie\u0161\u0165any<\/h2><p>Pie\u0161\u0165any is a picturesque town with a real spa atmosphere.<br \/>\nWith genuine healing mud in its mud baths.<br \/>\nWith genuine healing water in its thermal mineral spas.<br \/>\nAnd you\u2019ll have them close at hand.<br \/>\nIn fact, just a pleasant 20-minute walk away.<br \/>\nOr just a few minutes by car. It\u2019s just a few minutes more by bike.<br \/>\nWe\u2019ll lend you a bike. For free.<br \/>\nProviding you with a car would be a tall order.<br \/>\nBut if you\u2019ve got one, park it conveniently by the entrance.<br \/>\nFor free.<\/p><\/div>\n<\/div><\/section>\n<section class=\"section  swatch-caigue \"><div class=\"container\">\n<div class=\"row-fluid\">\n<div class=\"span7\">\n<div class=\"text-center\">\n<h1>How to reach us<\/h1>\n<p class=\"lead\">\nIt\u2019s really easy by car.<br \/>\nVlnka is located in the village of Banka, on the opposite bank of the V\u00e1h from Pie\u0161\u0165any. On the outskirts of Banka in the direction of Hlohovec there\u2019s a turn for the Rezort S\u013a\u0148ava aparthouse. Turn in that direction but continue on to the recreation area. Pass the Heinola and Odev\u00e1k hotels and you\u2019ll see Vlnka.<br \/>\nAnd if you get lost, feel free to give us a call.\n<\/p>\n<\/div>\n<\/div>\n<div class=\"span5\">\n<div class=\"box-round box-huge\"><div class=\"box-dummy\"><\/div><span class=\"box-inner swatch-caigue\"><img class=\"img-circle\" src=\"http:\/\/www.vlnka.info\/wp-content\/uploads\/2015\/04\/mapa.png\" alt=\"\"><\/span><\/div>\n<\/div>\n<\/div>\n<\/div><\/section>\n","protected":false},"excerpt":{"rendered":"","protected":false},"author":1,"featured_media":0,"parent":0,"menu_order":0,"comment_status":"open","ping_status":"open","template":"","meta":[],"yoast_head":"<!-- This site is optimized with the Yoast SEO plugin v20.7 - https:\/\/yoast.com\/wordpress\/plugins\/seo\/ -->\n<title>About Us &ndash; Vlnka Apartments, Pie\u0161\u0165any, Slovakia<\/title>\n<meta name=\"robots\" content=\"index, follow, max-snippet:-1, max-image-preview:large, max-video-preview:-1\" \/>\n<link rel=\"canonical\" href=\"https:\/\/www.vlnka.info\/en\/o-nas\/\" \/>\n<meta property=\"og:locale\" content=\"en_US\" \/>\n<meta property=\"og:type\" content=\"article\" \/>\n<meta property=\"og:title\" content=\"About Us &ndash; Vlnka Apartments, Pie\u0161\u0165any, Slovakia\" \/>\n<meta property=\"og:url\" content=\"https:\/\/www.vlnka.info\/en\/o-nas\/\" \/>\n<meta property=\"og:site_name\" content=\"Vlnka Apartments, Pie\u0161\u0165any, Slovakia\" \/>\n<meta property=\"article:publisher\" content=\"https:\/\/www.facebook.com\/vlnkaapartmantsandpool\" \/>\n<meta property=\"article:modified_time\" content=\"2023-01-31T10:39:07+00:00\" \/>\n<meta name=\"twitter:card\" content=\"summary_large_image\" \/>\n<meta name=\"twitter:label1\" content=\"Est. reading time\" \/>\n\t<meta name=\"twitter:data1\" content=\"4 minutes\" \/>\n<script type=\"application\/ld+json\" class=\"yoast-schema-graph\">{\"@context\":\"https:\/\/schema.org\",\"@graph\":[{\"@type\":\"WebPage\",\"@id\":\"https:\/\/www.vlnka.info\/en\/o-nas\/\",\"url\":\"https:\/\/www.vlnka.info\/en\/o-nas\/\",\"name\":\"About Us &ndash; Vlnka Apartments, Pie\u0161\u0165any, Slovakia\",\"isPartOf\":{\"@id\":\"https:\/\/www.vlnka.info\/#website\"},\"datePublished\":\"2017-06-13T10:22:56+00:00\",\"dateModified\":\"2023-01-31T10:39:07+00:00\",\"breadcrumb\":{\"@id\":\"https:\/\/www.vlnka.info\/en\/o-nas\/#breadcrumb\"},\"inLanguage\":\"en-US\",\"potentialAction\":[{\"@type\":\"ReadAction\",\"target\":[\"https:\/\/www.vlnka.info\/en\/o-nas\/\"]}]},{\"@type\":\"BreadcrumbList\",\"@id\":\"https:\/\/www.vlnka.info\/en\/o-nas\/#breadcrumb\",\"itemListElement\":[{\"@type\":\"ListItem\",\"position\":1,\"name\":\"Domovsk\u00e1 str\u00e1nka\",\"item\":\"https:\/\/www.vlnka.info\/en\/\"},{\"@type\":\"ListItem\",\"position\":2,\"name\":\"About Us\"}]},{\"@type\":\"WebSite\",\"@id\":\"https:\/\/www.vlnka.info\/#website\",\"url\":\"https:\/\/www.vlnka.info\/\",\"name\":\"Vlnka Apartments, Pie\u0161\u0165any, Slovakia\",\"description\":\"\u0160t\u00fdlov\u00fd rodinn\u00fd hotel apartm\u00e1nov\u00e9ho typu s vyhrievan\u00fdm baz\u00e9nom so slanou vodou v rekrea\u010dnej oblasti len p\u00e1r metrov od jazera S\u013e\u0148ava pri Pie\u0161\u0165anoch.\",\"potentialAction\":[{\"@type\":\"SearchAction\",\"target\":{\"@type\":\"EntryPoint\",\"urlTemplate\":\"https:\/\/www.vlnka.info\/?s={search_term_string}\"},\"query-input\":\"required name=search_term_string\"}],\"inLanguage\":\"en-US\"}]}<\/script>\n<!-- \/ Yoast SEO plugin. -->","yoast_head_json":{"title":"About Us &ndash; Vlnka Apartments, Pie\u0161\u0165any, Slovakia","robots":{"index":"index","follow":"follow","max-snippet":"max-snippet:-1","max-image-preview":"max-image-preview:large","max-video-preview":"max-video-preview:-1"},"canonical":"https:\/\/www.vlnka.info\/en\/o-nas\/","og_locale":"en_US","og_type":"article","og_title":"About Us &ndash; Vlnka Apartments, Pie\u0161\u0165any, Slovakia","og_url":"https:\/\/www.vlnka.info\/en\/o-nas\/","og_site_name":"Vlnka Apartments, Pie\u0161\u0165any, Slovakia","article_publisher":"https:\/\/www.facebook.com\/vlnkaapartmantsandpool","article_modified_time":"2023-01-31T10:39:07+00:00","twitter_card":"summary_large_image","twitter_misc":{"Est. reading time":"4 minutes"},"schema":{"@context":"https:\/\/schema.org","@graph":[{"@type":"WebPage","@id":"https:\/\/www.vlnka.info\/en\/o-nas\/","url":"https:\/\/www.vlnka.info\/en\/o-nas\/","name":"About Us &ndash; Vlnka Apartments, Pie\u0161\u0165any, Slovakia","isPartOf":{"@id":"https:\/\/www.vlnka.info\/#website"},"datePublished":"2017-06-13T10:22:56+00:00","dateModified":"2023-01-31T10:39:07+00:00","breadcrumb":{"@id":"https:\/\/www.vlnka.info\/en\/o-nas\/#breadcrumb"},"inLanguage":"en-US","potentialAction":[{"@type":"ReadAction","target":["https:\/\/www.vlnka.info\/en\/o-nas\/"]}]},{"@type":"BreadcrumbList","@id":"https:\/\/www.vlnka.info\/en\/o-nas\/#breadcrumb","itemListElement":[{"@type":"ListItem","position":1,"name":"Domovsk\u00e1 str\u00e1nka","item":"https:\/\/www.vlnka.info\/en\/"},{"@type":"ListItem","position":2,"name":"About Us"}]},{"@type":"WebSite","@id":"https:\/\/www.vlnka.info\/#website","url":"https:\/\/www.vlnka.info\/","name":"Vlnka Apartments, Pie\u0161\u0165any, Slovakia","description":"\u0160t\u00fdlov\u00fd rodinn\u00fd hotel apartm\u00e1nov\u00e9ho typu s vyhrievan\u00fdm baz\u00e9nom so slanou vodou v rekrea\u010dnej oblasti len p\u00e1r metrov od jazera S\u013e\u0148ava pri Pie\u0161\u0165anoch.","potentialAction":[{"@type":"SearchAction","target":{"@type":"EntryPoint","urlTemplate":"https:\/\/www.vlnka.info\/?s={search_term_string}"},"query-input":"required name=search_term_string"}],"inLanguage":"en-US"}]}},"_links":{"self":[{"href":"https:\/\/www.vlnka.info\/en\/wp-json\/wp\/v2\/pages\/2652"}],"collection":[{"href":"https:\/\/www.vlnka.info\/en\/wp-json\/wp\/v2\/pages"}],"about":[{"href":"https:\/\/www.vlnka.info\/en\/wp-json\/wp\/v2\/types\/page"}],"author":[{"embeddable":true,"href":"https:\/\/www.vlnka.info\/en\/wp-json\/wp\/v2\/users\/1"}],"replies":[{"embeddable":true,"href":"https:\/\/www.vlnka.info\/en\/wp-json\/wp\/v2\/comments?post=2652"}],"version-history":[{"count":14,"href":"https:\/\/www.vlnka.info\/en\/wp-json\/wp\/v2\/pages\/2652\/revisions"}],"predecessor-version":[{"id":7747,"href":"https:\/\/www.vlnka.info\/en\/wp-json\/wp\/v2\/pages\/2652\/revisions\/7747"}],"wp:attachment":[{"href":"https:\/\/www.vlnka.info\/en\/wp-json\/wp\/v2\/media?parent=2652"}],"curies":[{"name":"wp","href":"https:\/\/api.w.org\/{rel}","templated":true}]}}