{"id":2674,"date":"2017-06-13T13:22:12","date_gmt":"2017-06-13T11:22:12","guid":{"rendered":"http:\/\/www.vlnka.info\/en\/?page_id=2674"},"modified":"2023-01-31T11:52:50","modified_gmt":"2023-01-31T09:52:50","slug":"services","status":"publish","type":"page","link":"https:\/\/www.vlnka.info\/en\/services\/","title":{"rendered":"Services"},"content":{"rendered":"<section class=\"section section-slim swatch-white \"><div class=\"container-fluid\"><div id=\"flexslider-5\" class=\"flexslider feature-slider\" data-flex-animation=\"fade\" data-flex-controlsalign=\"center\" data-flex-controlsposition=\"inside\" data-flex-directions=\"hide\" data-flex-directions-type=\"simple\" data-flex-speed=\"4000\" data-flex-controls=\"hide\" data-flex-slideshow=\"true\" data-flex-duration=\"600\" data-flex-captionvertical=\"bottom\" data-flex-captionhorizontal=\"left\"><ul class=\"slides\"><li><figure><img width=\"2560\" height=\"640\" src=\"https:\/\/www.vlnka.info\/wp-content\/uploads\/2015\/04\/sluzby_02.jpg\" class=\"attachment-full size-full wp-post-image\" alt=\"\" decoding=\"async\" loading=\"lazy\" srcset=\"https:\/\/www.vlnka.info\/wp-content\/uploads\/2015\/04\/sluzby_02.jpg 2560w, https:\/\/www.vlnka.info\/wp-content\/uploads\/2015\/04\/sluzby_02-300x75.jpg 300w, https:\/\/www.vlnka.info\/wp-content\/uploads\/2015\/04\/sluzby_02-1024x256.jpg 1024w\" sizes=\"(max-width: 2560px) 100vw, 2560px\" \/><\/figure><\/li><li><figure><img width=\"2560\" height=\"640\" src=\"https:\/\/www.vlnka.info\/wp-content\/uploads\/2015\/04\/masaze_01.jpg\" class=\"attachment-full size-full wp-post-image\" alt=\"\" decoding=\"async\" loading=\"lazy\" srcset=\"https:\/\/www.vlnka.info\/wp-content\/uploads\/2015\/04\/masaze_01.jpg 2560w, https:\/\/www.vlnka.info\/wp-content\/uploads\/2015\/04\/masaze_01-300x75.jpg 300w, https:\/\/www.vlnka.info\/wp-content\/uploads\/2015\/04\/masaze_01-1024x256.jpg 1024w\" sizes=\"(max-width: 2560px) 100vw, 2560px\" \/><\/figure><\/li><li><figure><img width=\"2560\" height=\"640\" src=\"https:\/\/www.vlnka.info\/wp-content\/uploads\/2015\/04\/design_01.jpg\" class=\"attachment-full size-full wp-post-image\" alt=\"\" decoding=\"async\" loading=\"lazy\" srcset=\"https:\/\/www.vlnka.info\/wp-content\/uploads\/2015\/04\/design_01.jpg 2560w, https:\/\/www.vlnka.info\/wp-content\/uploads\/2015\/04\/design_01-300x75.jpg 300w, https:\/\/www.vlnka.info\/wp-content\/uploads\/2015\/04\/design_01-1024x256.jpg 1024w\" sizes=\"(max-width: 2560px) 100vw, 2560px\" \/><\/figure><\/li><\/ul><\/div><\/div><\/section>\n<section class=\"section  swatch-clouds \"><div class=\"container\"><div class=\"section-header\"><h2 class=\"headline text-caps\">Services and equipment<\/h2><p>&nbsp<\/p><\/div><ul class=\"unstyled row-fluid\"><li class=\"span4\"><div class=\"box-round box-medium\"><div class=\"box-dummy\"><\/div><span class=\"box-inner swatch-sunflower\"><i class=\"fa fa-anchor\" data-animation=\"\"><\/i><\/span><\/div><h3 class=\"text-center\"><span>Seaside themed apartments<\/span><\/h3><p class=\"text-center\">The themed interiors of apartments by designer M\u00e1ria Hostinov\u00e1-\u010culenov\u00e1 are fitted with Ice Ice Baby brand accessories.<\/p><\/li><li class=\"span4\"><div class=\"box-round box-medium\"><div class=\"box-dummy\"><\/div><span class=\"box-inner swatch-sunflower\"><i class=\"fa fa-child\" data-animation=\"\"><\/i><\/span><\/div><h3 class=\"text-center\"><span>Babyfriendly<\/span><\/h3><p class=\"text-center\">When we were preparing Vlnka, we wanted to create a place where we feel great and where our children are happy. And where you too will feel great. You don\u2019t need to concern yourself with practicalities: a children\u2019s cot, highchair, bathtub, potty and hairdryer are available. \r\n<\/p><\/li><li class=\"span4\"><div class=\"box-round box-medium\"><div class=\"box-dummy\"><\/div><span class=\"box-inner swatch-sunflower\"><i class=\"fa fa-life-bouy\" data-animation=\"\"><\/i><\/span><\/div><h3 class=\"text-center\"><span>Swimming pool<\/span><\/h3><p class=\"text-center\">The swimming pool, which is uncovered in season, is available free of charge to guests. The water is heated to a temperature of 26-30\u00b0C, meaning it is suitable for even the smallest swimmers. The pool is either fully open or partially or fully covered, depending on the weather. It is in use, depending on current weather conditions, from approximately May to October.<\/p><\/li><\/ul><ul class=\"unstyled row-fluid\"><li class=\"span4\"><div class=\"box-round box-medium\"><div class=\"box-dummy\"><\/div><span class=\"box-inner swatch-sunflower\"><img width=\"300\" height=\"300\" src=\"https:\/\/www.vlnka.info\/wp-content\/uploads\/2015\/04\/zahrada.png\" class=\"img-circle wp-post-image\" alt=\"Garden\" decoding=\"async\" loading=\"lazy\" srcset=\"https:\/\/www.vlnka.info\/wp-content\/uploads\/2015\/04\/zahrada.png 300w, https:\/\/www.vlnka.info\/wp-content\/uploads\/2015\/04\/zahrada-150x150.png 150w\" sizes=\"(max-width: 300px) 100vw, 300px\" \/><\/span><\/div><h3 class=\"text-center\"><span>Garden<\/span><\/h3><p class=\"text-center\">A 100 m<sup>2<\/sup> lawn with loungers is available for your to enjoy.\r\n<\/p><\/li><li class=\"span4\"><div class=\"box-round box-medium\"><div class=\"box-dummy\"><\/div><span class=\"box-inner swatch-sunflower\"><img width=\"300\" height=\"300\" src=\"https:\/\/www.vlnka.info\/wp-content\/uploads\/2015\/04\/detsky_kutik.png\" class=\"img-circle wp-post-image\" alt=\"Kids\u2019 play area\" decoding=\"async\" loading=\"lazy\" srcset=\"https:\/\/www.vlnka.info\/wp-content\/uploads\/2015\/04\/detsky_kutik.png 300w, https:\/\/www.vlnka.info\/wp-content\/uploads\/2015\/04\/detsky_kutik-150x150.png 150w\" sizes=\"(max-width: 300px) 100vw, 300px\" \/><\/span><\/div><h3 class=\"text-center\"><span>Kids\u2019 play area<\/span><\/h3><p class=\"text-center\">Do you want to get the children out of the water? Tempt them with a play house, swing chair, slide or trampoline.<\/p><\/li><li class=\"span4\"><div class=\"box-round box-medium\"><div class=\"box-dummy\"><\/div><span class=\"box-inner swatch-sunflower\"><i class=\"fa fa-fire\" data-animation=\"\"><\/i><\/span><\/div><h3 class=\"text-center\"><span>Grill<\/span><\/h3><p class=\"text-center\">Bring your own delicacies! We will provide you with a grill, coal and kindling for a token fee.<\/p><\/li><\/ul><ul class=\"unstyled row-fluid\"><li class=\"span4\"><div class=\"box-round box-medium\"><div class=\"box-dummy\"><\/div><span class=\"box-inner swatch-sunflower\"><i class=\"fa fa-coffee\" data-animation=\"\"><\/i><\/span><\/div><h3 class=\"text-center\"><span>Caf\u00e9<\/span><\/h3><p class=\"text-center\">Like our pool, our caf\u00e9 is uncovered in season. We provide fresh Coffee Sheep brand ground coffee, 100% natural fruit Zdravo fruit juices, our own homemade lemonades, Slovak and Czech beers and top-class local wine from <a href=\"http:\/\/www.golguz.sk\">Hlohovec<\/a>, <a href=\"http:\/\/pivnicaradosina.sk\">Rado\u0161ina<\/a> and elsewhere. Click here for a <a href=\"http:\/\/www.vlnka.info\/bazen-cafe\/#cafe\" title=\"Baz\u00e9n & Caf\u00e9\"><strong>menu<\/strong><\/a>.<\/p><\/li><li class=\"span4\"><div class=\"box-round box-medium\"><div class=\"box-dummy\"><\/div><span class=\"box-inner swatch-sunflower\"><i class=\"fa fa-bicycle\" data-animation=\"\"><\/i><\/span><\/div><h3 class=\"text-center\"><span>Bikes<\/span><\/h3><p class=\"text-center\">Rent a bike or a bike trailer for up to two children and check out the surroundings of the S\u013e\u0148ava. Various kids\u2019 bikes are also available free of charge.<\/p><\/li><li class=\"span4\"><div class=\"box-round box-medium\"><div class=\"box-dummy\"><\/div><span class=\"box-inner swatch-sunflower\"><i class=\"fa fa-wifi\" data-animation=\"\"><\/i><\/span><\/div><h3 class=\"text-center\"><span>Free wifi, print &#038; copy<\/span><\/h3><p class=\"text-center\">There is a Wi-Fi signal throughout the complex. If required we can provide a notebook, while printing and copying texts is also possible.<\/p><\/li><\/ul><ul class=\"unstyled row-fluid\"><li class=\"span4\"><div class=\"box-round box-medium\"><div class=\"box-dummy\"><\/div><span class=\"box-inner swatch-sunflower\"><img width=\"300\" height=\"300\" src=\"https:\/\/www.vlnka.info\/wp-content\/uploads\/2015\/04\/no-tv.png\" class=\"img-circle wp-post-image\" alt=\"Tv-free zone\" decoding=\"async\" loading=\"lazy\" srcset=\"https:\/\/www.vlnka.info\/wp-content\/uploads\/2015\/04\/no-tv.png 300w, https:\/\/www.vlnka.info\/wp-content\/uploads\/2015\/04\/no-tv-150x150.png 150w\" sizes=\"(max-width: 300px) 100vw, 300px\" \/><\/span><\/div><h3 class=\"text-center\"><span>Tv-free zone<\/span><\/h3><p class=\"text-center\">We offer so much fun and relaxation that it\u2019d be a pity to watch TV here! You\u2019ve come to unwind and get away, including from the TV. Why not relax, read or do some sport instead?<\/p><\/li><li class=\"span4\"><div class=\"box-round box-medium\"><div class=\"box-dummy\"><\/div><span class=\"box-inner swatch-sunflower\"><i class=\"fa fa-car\" data-animation=\"\"><\/i><\/span><\/div><h3 class=\"text-center\"><span>Parking<\/span><\/h3><p class=\"text-center\">There is exclusive free parking for our guests in front of the entrance to the complex.<\/p><\/li><li class=\"span4\"><div class=\"box-round box-medium\"><div class=\"box-dummy\"><\/div><span class=\"box-inner swatch-sunflower\"><i class=\"fa fa-spinner\" data-animation=\"\"><\/i><\/span><\/div><h3 class=\"text-center\"><span>Massages<\/span><\/h3><p class=\"text-center\">Our masseurs will have you feeling as good as new. After a consultation you can choose a massage according to your wishes and needs. We carry out classic relaxation and sports massages.<\/p><\/li><\/ul><\/div><\/section>\n","protected":false},"excerpt":{"rendered":"","protected":false},"author":1,"featured_media":0,"parent":0,"menu_order":0,"comment_status":"open","ping_status":"open","template":"","meta":[],"yoast_head":"<!-- This site is optimized with the Yoast SEO plugin v20.7 - https:\/\/yoast.com\/wordpress\/plugins\/seo\/ -->\n<title>Services &ndash; Vlnka Apartments, Pie\u0161\u0165any, Slovakia<\/title>\n<meta name=\"robots\" content=\"index, follow, max-snippet:-1, max-image-preview:large, max-video-preview:-1\" \/>\n<link rel=\"canonical\" href=\"https:\/\/www.vlnka.info\/en\/services\/\" \/>\n<meta property=\"og:locale\" content=\"en_US\" \/>\n<meta property=\"og:type\" content=\"article\" \/>\n<meta property=\"og:title\" content=\"Services &ndash; Vlnka Apartments, Pie\u0161\u0165any, Slovakia\" \/>\n<meta property=\"og:url\" content=\"https:\/\/www.vlnka.info\/en\/services\/\" \/>\n<meta property=\"og:site_name\" content=\"Vlnka Apartments, Pie\u0161\u0165any, Slovakia\" \/>\n<meta property=\"article:publisher\" content=\"https:\/\/www.facebook.com\/vlnkaapartmantsandpool\" \/>\n<meta property=\"article:modified_time\" content=\"2023-01-31T09:52:50+00:00\" \/>\n<meta name=\"twitter:card\" content=\"summary_large_image\" \/>\n<script type=\"application\/ld+json\" class=\"yoast-schema-graph\">{\"@context\":\"https:\/\/schema.org\",\"@graph\":[{\"@type\":\"WebPage\",\"@id\":\"https:\/\/www.vlnka.info\/en\/services\/\",\"url\":\"https:\/\/www.vlnka.info\/en\/services\/\",\"name\":\"Services &ndash; Vlnka Apartments, Pie\u0161\u0165any, Slovakia\",\"isPartOf\":{\"@id\":\"https:\/\/www.vlnka.info\/#website\"},\"datePublished\":\"2017-06-13T11:22:12+00:00\",\"dateModified\":\"2023-01-31T09:52:50+00:00\",\"breadcrumb\":{\"@id\":\"https:\/\/www.vlnka.info\/en\/services\/#breadcrumb\"},\"inLanguage\":\"en-US\",\"potentialAction\":[{\"@type\":\"ReadAction\",\"target\":[\"https:\/\/www.vlnka.info\/en\/services\/\"]}]},{\"@type\":\"BreadcrumbList\",\"@id\":\"https:\/\/www.vlnka.info\/en\/services\/#breadcrumb\",\"itemListElement\":[{\"@type\":\"ListItem\",\"position\":1,\"name\":\"Domovsk\u00e1 str\u00e1nka\",\"item\":\"https:\/\/www.vlnka.info\/en\/\"},{\"@type\":\"ListItem\",\"position\":2,\"name\":\"Services\"}]},{\"@type\":\"WebSite\",\"@id\":\"https:\/\/www.vlnka.info\/#website\",\"url\":\"https:\/\/www.vlnka.info\/\",\"name\":\"Vlnka Apartments, Pie\u0161\u0165any, Slovakia\",\"description\":\"\u0160t\u00fdlov\u00fd rodinn\u00fd hotel apartm\u00e1nov\u00e9ho typu s vyhrievan\u00fdm baz\u00e9nom so slanou vodou v rekrea\u010dnej oblasti len p\u00e1r metrov od jazera S\u013e\u0148ava pri Pie\u0161\u0165anoch.\",\"potentialAction\":[{\"@type\":\"SearchAction\",\"target\":{\"@type\":\"EntryPoint\",\"urlTemplate\":\"https:\/\/www.vlnka.info\/?s={search_term_string}\"},\"query-input\":\"required name=search_term_string\"}],\"inLanguage\":\"en-US\"}]}<\/script>\n<!-- \/ Yoast SEO plugin. -->","yoast_head_json":{"title":"Services &ndash; Vlnka Apartments, Pie\u0161\u0165any, Slovakia","robots":{"index":"index","follow":"follow","max-snippet":"max-snippet:-1","max-image-preview":"max-image-preview:large","max-video-preview":"max-video-preview:-1"},"canonical":"https:\/\/www.vlnka.info\/en\/services\/","og_locale":"en_US","og_type":"article","og_title":"Services &ndash; Vlnka Apartments, Pie\u0161\u0165any, Slovakia","og_url":"https:\/\/www.vlnka.info\/en\/services\/","og_site_name":"Vlnka Apartments, Pie\u0161\u0165any, Slovakia","article_publisher":"https:\/\/www.facebook.com\/vlnkaapartmantsandpool","article_modified_time":"2023-01-31T09:52:50+00:00","twitter_card":"summary_large_image","schema":{"@context":"https:\/\/schema.org","@graph":[{"@type":"WebPage","@id":"https:\/\/www.vlnka.info\/en\/services\/","url":"https:\/\/www.vlnka.info\/en\/services\/","name":"Services &ndash; Vlnka Apartments, Pie\u0161\u0165any, Slovakia","isPartOf":{"@id":"https:\/\/www.vlnka.info\/#website"},"datePublished":"2017-06-13T11:22:12+00:00","dateModified":"2023-01-31T09:52:50+00:00","breadcrumb":{"@id":"https:\/\/www.vlnka.info\/en\/services\/#breadcrumb"},"inLanguage":"en-US","potentialAction":[{"@type":"ReadAction","target":["https:\/\/www.vlnka.info\/en\/services\/"]}]},{"@type":"BreadcrumbList","@id":"https:\/\/www.vlnka.info\/en\/services\/#breadcrumb","itemListElement":[{"@type":"ListItem","position":1,"name":"Domovsk\u00e1 str\u00e1nka","item":"https:\/\/www.vlnka.info\/en\/"},{"@type":"ListItem","position":2,"name":"Services"}]},{"@type":"WebSite","@id":"https:\/\/www.vlnka.info\/#website","url":"https:\/\/www.vlnka.info\/","name":"Vlnka Apartments, Pie\u0161\u0165any, Slovakia","description":"\u0160t\u00fdlov\u00fd rodinn\u00fd hotel apartm\u00e1nov\u00e9ho typu s vyhrievan\u00fdm baz\u00e9nom so slanou vodou v rekrea\u010dnej oblasti len p\u00e1r metrov od jazera S\u013e\u0148ava pri Pie\u0161\u0165anoch.","potentialAction":[{"@type":"SearchAction","target":{"@type":"EntryPoint","urlTemplate":"https:\/\/www.vlnka.info\/?s={search_term_string}"},"query-input":"required name=search_term_string"}],"inLanguage":"en-US"}]}},"_links":{"self":[{"href":"https:\/\/www.vlnka.info\/en\/wp-json\/wp\/v2\/pages\/2674"}],"collection":[{"href":"https:\/\/www.vlnka.info\/en\/wp-json\/wp\/v2\/pages"}],"about":[{"href":"https:\/\/www.vlnka.info\/en\/wp-json\/wp\/v2\/types\/page"}],"author":[{"embeddable":true,"href":"https:\/\/www.vlnka.info\/en\/wp-json\/wp\/v2\/users\/1"}],"replies":[{"embeddable":true,"href":"https:\/\/www.vlnka.info\/en\/wp-json\/wp\/v2\/comments?post=2674"}],"version-history":[{"count":9,"href":"https:\/\/www.vlnka.info\/en\/wp-json\/wp\/v2\/pages\/2674\/revisions"}],"predecessor-version":[{"id":7732,"href":"https:\/\/www.vlnka.info\/en\/wp-json\/wp\/v2\/pages\/2674\/revisions\/7732"}],"wp:attachment":[{"href":"https:\/\/www.vlnka.info\/en\/wp-json\/wp\/v2\/media?parent=2674"}],"curies":[{"name":"wp","href":"https:\/\/api.w.org\/{rel}","templated":true}]}}