{"id":2810,"date":"2015-03-04T21:58:09","date_gmt":"2015-03-04T19:58:09","guid":{"rendered":"http:\/\/www.vlnka.info\/en\/cennik\/"},"modified":"2017-09-12T11:10:08","modified_gmt":"2017-09-12T09:10:08","slug":"price-list","status":"publish","type":"page","link":"https:\/\/www.vlnka.info\/en\/price-list\/","title":{"rendered":"Price list"},"content":{"rendered":"<section class=\"section  swatch-pomegranate \"><div class=\"container\"><div class=\"section-header\"><h2 class=\"headline text-caps\">Price list 2017 \/ 2018<\/h2><\/div>\n<\/br><\/p>\n<h2 class=\"text-center\">Coral \/ Octopus \/ Yacht \/ Caique<\/h2>\n<div class=\"row-fluid\">\n<div class=\"span4\">\n<div class=\"text-center\">\n<div class=\"lead-price\">TOP SEASON \/ NIGHT<\/div>\n<h4 class=\"pricing-price\"><small>\u20ac<\/small>70<small>NIGHT<\/small><span>1-2 PERSONS IN MAIN SEASON JUNE, JULY, AUGUST + WEEKENDS AND HOLIDAYS<\/span><\/h4>\n<\/div>\n<\/div>\n<div class=\"span4\">\n<div class=\"text-center\">\n<div class=\"lead-price\">OFF SEASON \/ NIGHT<\/div>\n<h4 class=\"pricing-price\"><small>\u20ac<\/small>55<small>NIGHT<\/small><span>1-2 PERSONS FROM SUNDAY TO THURSDAY OFF SEASON FROM SEPTEMBER TO MAY<\/span><\/h4>\n<\/div>\n<\/div>\n<div class=\"span4\">\n<div class=\"text-center\">\n<div class=\"lead-price\">Extra bed<\/div>\n<h4 class=\"pricing-price\"><small>\u20ac<\/small>30<small>NIGHT<\/small><span><\/span><\/h4>\n<\/div>\n<\/div>\n<\/div>\n<\/br><\/p>\n<div class=\"text-center\">\n<div class=\"lead\">Children to 2 years <b>free of charge<\/b> if bed not required.\n<\/div>\n<\/div>\n<\/div><\/section>\n<section class=\"section  swatch-orange \"><div class=\"container\">\n<h2 class=\"text-center\">Ancora \/ Baleine \/ Volcano<\/h2>\n<div class=\"row-fluid\">\n<div class=\"span4\">\n<div class=\"text-center\">\n<div class=\"lead-price\">TOP SEASON<\/div>\n<h4 class=\"pricing-price\"><small>\u20ac<\/small>90<small>NIGHT<\/small><span>1-2 PERSONS IN MAIN SEASON JUNE, JULY, AUGUST + WEEKENDS AND HOLIDAYS<\/span><\/h4>\n<\/div>\n<\/div>\n<div class=\"span4\">\n<div class=\"text-center\">\n<div class=\"lead-price\">OFF SEASON<\/div>\n<h4 class=\"pricing-price\"><small>\u20ac<\/small>75<small>NIGHT<\/small><span>1-2 PERSONS FROM SUNDAY TO THURSDAY OFF SEASON FROM SEPTEMBER TO MAY<\/span><\/h4>\n<\/div>\n<\/div>\n<div class=\"span4\">\n<div class=\"text-center\">\n<div class=\"lead-price\">Extra bed<\/div>\n<h4 class=\"pricing-price\"><small>\u20ac<\/small>30<small>NIGHT<\/small><span><\/span><\/h4>\n<\/div>\n<\/div>\n<\/div>\n<\/br><\/p>\n<div class=\"text-center\">\n<div class=\"lead\">Children to 2 years <b>free of charge<\/b> if bed not required.\n<\/div>\n<\/div>\n<\/div><\/section>\n<section class=\"section  swatch-river \"><div class=\"container\">\n<h2 class=\"text-center\">Pharos<\/h2>\n<div class=\"row-fluid\">\n<div class=\"span6\">\n<div class=\"text-center\">\n<div class=\"lead-price\">4 occupants<\/div>\n<h4 class=\"pricing-price\"><small>\u20ac<\/small>110<small>NIGHT<\/small><span><\/span><\/h4>\n<\/div>\n<\/div>\n<div class=\"span6\">\n<div class=\"text-center\">\n<div class=\"lead-price\">Extra bed<\/div>\n<h4 class=\"pricing-price\"><small>\u20ac<\/small>15<small>NIGHT<\/small><span><\/span><\/h4>\n<\/div>\n<\/div>\n<\/div>\n<\/br><\/p>\n<div class=\"text-center\">\n<div class=\"lead\">Children to 2 years <b>free of charge<\/b> if bed not required.\n<\/div>\n<\/div>\n<\/div><\/section>\n<section class=\"section  swatch-emerald \"><div class=\"container\"><div class=\"section-header\"><h2 class=\"headline text-caps\">Other services<\/h2><\/div>\n<div class=\"row-fluid\">\n<div class=\"span4\">\n<div class=\"text-center\">\n<div class=\"lead-price\">Massagee<\/div>\n<h4 class=\"pricing-price\"><small>\u20ac<\/small>15<span>25 min.<\/span><\/h4>\n<h4 class=\"pricing-price\"><small>\u20ac<\/small>25<span>50 min.<\/span><\/h4>\n<\/div>\n<\/div>\n<div class=\"span4\">\n<div class=\"text-center\">\n<div class=\"lead-price\">Bicycle rental<\/div>\n<h4 class=\"pricing-price\"><small>\u20ac<\/small>5<span>half day<\/span><\/h4>\n<h4 class=\"pricing-price\"><small>\u20ac<\/small>10<span>whole day<\/span><\/h4>\n<\/div>\n<\/div>\n<div class=\"span4\">\n<div class=\"text-center\">\n<div class=\"lead-price\">Grill, coal, kindling<\/div>\n<h4 class=\"pricing-price\"><small>\u20ac<\/small>4<span><\/span><\/h4>\n<\/div>\n<\/div>\n<\/div>\n<\/div><\/section>\n","protected":false},"excerpt":{"rendered":"","protected":false},"author":1,"featured_media":0,"parent":0,"menu_order":0,"comment_status":"open","ping_status":"open","template":"","meta":[],"yoast_head":"<!-- This site is optimized with the Yoast SEO plugin v20.7 - https:\/\/yoast.com\/wordpress\/plugins\/seo\/ -->\n<title>Cenn\u00edk |<\/title>\n<meta name=\"robots\" content=\"index, follow, max-snippet:-1, max-image-preview:large, max-video-preview:-1\" \/>\n<link rel=\"canonical\" href=\"https:\/\/www.vlnka.info\/en\/price-list\/\" \/>\n<meta property=\"og:locale\" content=\"en_US\" \/>\n<meta property=\"og:type\" content=\"article\" \/>\n<meta property=\"og:title\" content=\"Cenn\u00edk |\" \/>\n<meta property=\"og:url\" content=\"https:\/\/www.vlnka.info\/en\/price-list\/\" \/>\n<meta property=\"og:site_name\" content=\"Vlnka Apartments, Pie\u0161\u0165any, Slovakia\" \/>\n<meta property=\"article:publisher\" content=\"https:\/\/www.facebook.com\/vlnkaapartmantsandpool\" \/>\n<meta property=\"article:modified_time\" content=\"2017-09-12T09:10:08+00:00\" \/>\n<meta name=\"twitter:card\" content=\"summary_large_image\" \/>\n<meta name=\"twitter:label1\" content=\"Est. reading time\" \/>\n\t<meta name=\"twitter:data1\" content=\"1 minute\" \/>\n<script type=\"application\/ld+json\" class=\"yoast-schema-graph\">{\"@context\":\"https:\/\/schema.org\",\"@graph\":[{\"@type\":\"WebPage\",\"@id\":\"https:\/\/www.vlnka.info\/en\/price-list\/\",\"url\":\"https:\/\/www.vlnka.info\/en\/price-list\/\",\"name\":\"Cenn\u00edk |\",\"isPartOf\":{\"@id\":\"https:\/\/www.vlnka.info\/#website\"},\"datePublished\":\"2015-03-04T19:58:09+00:00\",\"dateModified\":\"2017-09-12T09:10:08+00:00\",\"breadcrumb\":{\"@id\":\"https:\/\/www.vlnka.info\/en\/price-list\/#breadcrumb\"},\"inLanguage\":\"en-US\",\"potentialAction\":[{\"@type\":\"ReadAction\",\"target\":[\"https:\/\/www.vlnka.info\/en\/price-list\/\"]}]},{\"@type\":\"BreadcrumbList\",\"@id\":\"https:\/\/www.vlnka.info\/en\/price-list\/#breadcrumb\",\"itemListElement\":[{\"@type\":\"ListItem\",\"position\":1,\"name\":\"Domovsk\u00e1 str\u00e1nka\",\"item\":\"https:\/\/www.vlnka.info\/en\/\"},{\"@type\":\"ListItem\",\"position\":2,\"name\":\"Price list\"}]},{\"@type\":\"WebSite\",\"@id\":\"https:\/\/www.vlnka.info\/#website\",\"url\":\"https:\/\/www.vlnka.info\/\",\"name\":\"Vlnka Apartments, Pie\u0161\u0165any, Slovakia\",\"description\":\"\u0160t\u00fdlov\u00fd rodinn\u00fd hotel apartm\u00e1nov\u00e9ho typu s vyhrievan\u00fdm baz\u00e9nom so slanou vodou v rekrea\u010dnej oblasti len p\u00e1r metrov od jazera S\u013e\u0148ava pri Pie\u0161\u0165anoch.\",\"potentialAction\":[{\"@type\":\"SearchAction\",\"target\":{\"@type\":\"EntryPoint\",\"urlTemplate\":\"https:\/\/www.vlnka.info\/?s={search_term_string}\"},\"query-input\":\"required name=search_term_string\"}],\"inLanguage\":\"en-US\"}]}<\/script>\n<!-- \/ Yoast SEO plugin. -->","yoast_head_json":{"title":"Cenn\u00edk |","robots":{"index":"index","follow":"follow","max-snippet":"max-snippet:-1","max-image-preview":"max-image-preview:large","max-video-preview":"max-video-preview:-1"},"canonical":"https:\/\/www.vlnka.info\/en\/price-list\/","og_locale":"en_US","og_type":"article","og_title":"Cenn\u00edk |","og_url":"https:\/\/www.vlnka.info\/en\/price-list\/","og_site_name":"Vlnka Apartments, Pie\u0161\u0165any, Slovakia","article_publisher":"https:\/\/www.facebook.com\/vlnkaapartmantsandpool","article_modified_time":"2017-09-12T09:10:08+00:00","twitter_card":"summary_large_image","twitter_misc":{"Est. reading time":"1 minute"},"schema":{"@context":"https:\/\/schema.org","@graph":[{"@type":"WebPage","@id":"https:\/\/www.vlnka.info\/en\/price-list\/","url":"https:\/\/www.vlnka.info\/en\/price-list\/","name":"Cenn\u00edk |","isPartOf":{"@id":"https:\/\/www.vlnka.info\/#website"},"datePublished":"2015-03-04T19:58:09+00:00","dateModified":"2017-09-12T09:10:08+00:00","breadcrumb":{"@id":"https:\/\/www.vlnka.info\/en\/price-list\/#breadcrumb"},"inLanguage":"en-US","potentialAction":[{"@type":"ReadAction","target":["https:\/\/www.vlnka.info\/en\/price-list\/"]}]},{"@type":"BreadcrumbList","@id":"https:\/\/www.vlnka.info\/en\/price-list\/#breadcrumb","itemListElement":[{"@type":"ListItem","position":1,"name":"Domovsk\u00e1 str\u00e1nka","item":"https:\/\/www.vlnka.info\/en\/"},{"@type":"ListItem","position":2,"name":"Price list"}]},{"@type":"WebSite","@id":"https:\/\/www.vlnka.info\/#website","url":"https:\/\/www.vlnka.info\/","name":"Vlnka Apartments, Pie\u0161\u0165any, Slovakia","description":"\u0160t\u00fdlov\u00fd rodinn\u00fd hotel apartm\u00e1nov\u00e9ho typu s vyhrievan\u00fdm baz\u00e9nom so slanou vodou v rekrea\u010dnej oblasti len p\u00e1r metrov od jazera S\u013e\u0148ava pri Pie\u0161\u0165anoch.","potentialAction":[{"@type":"SearchAction","target":{"@type":"EntryPoint","urlTemplate":"https:\/\/www.vlnka.info\/?s={search_term_string}"},"query-input":"required name=search_term_string"}],"inLanguage":"en-US"}]}},"_links":{"self":[{"href":"https:\/\/www.vlnka.info\/en\/wp-json\/wp\/v2\/pages\/2810"}],"collection":[{"href":"https:\/\/www.vlnka.info\/en\/wp-json\/wp\/v2\/pages"}],"about":[{"href":"https:\/\/www.vlnka.info\/en\/wp-json\/wp\/v2\/types\/page"}],"author":[{"embeddable":true,"href":"https:\/\/www.vlnka.info\/en\/wp-json\/wp\/v2\/users\/1"}],"replies":[{"embeddable":true,"href":"https:\/\/www.vlnka.info\/en\/wp-json\/wp\/v2\/comments?post=2810"}],"version-history":[{"count":15,"href":"https:\/\/www.vlnka.info\/en\/wp-json\/wp\/v2\/pages\/2810\/revisions"}],"predecessor-version":[{"id":3025,"href":"https:\/\/www.vlnka.info\/en\/wp-json\/wp\/v2\/pages\/2810\/revisions\/3025"}],"wp:attachment":[{"href":"https:\/\/www.vlnka.info\/en\/wp-json\/wp\/v2\/media?parent=2810"}],"curies":[{"name":"wp","href":"https:\/\/api.w.org\/{rel}","templated":true}]}}