{"id":2824,"date":"2013-09-02T14:30:00","date_gmt":"2013-09-02T14:30:00","guid":{"rendered":"http:\/\/www.vlnka.info\/en\/kontakt\/"},"modified":"2024-12-04T17:59:56","modified_gmt":"2024-12-04T15:59:56","slug":"contact","status":"publish","type":"page","link":"https:\/\/www.vlnka.info\/en\/contact\/","title":{"rendered":"Contact Us"},"content":{"rendered":"<section class=\"section section-slim\"><div id=\"map766\" class=\"google-map\" style=\"height:500px\"><\/div><div class=\"map-overlay\"><div class=\"container\"><div class=\"contact-details\"><ul class=\"fancy-icons-ul\"><li class=\"swatch-pomegranate\"><i class=\"fa fa-map-marker\" data-animation=\"rotateIn\"><\/i><h4>VLNKA APARTMENTS<\/h4><p>Odbor\u00e1rska 5275\/14<br \/>\r\n921 01 Banka - Pie\u0161\u0165any<br \/>\r\nSlovensk\u00e1 republika<\/p><\/li><li class=\"swatch-pomegranate\"><i class=\"fa fa-phone\" data-animation=\"rotateIn\"><\/i><h4><\/h4><p>Tel: +421 (0) 907 989 161<br \/>\r\nEmail: info@vlnka.info<\/p><\/li><\/ul><\/div><\/div><\/div><\/section>\n<style>\n.destination {\n    position:absolute;\n    z-index:-1;\n    left:0;\n    margin-top:-100px;\n}\n<\/style>\n<section class=\"section  swatch-sunflower \"><div class=\"container\"><div class=\"section-header\"><p>lnka is located right by the lake S\u013a\u0148ava in Pie\u0161\u0165any, on the opposite bank of the River V\u00e1h from the town. It is easily accessible from the D2 motorway.<\/p><\/div> <a href=\"https:\/\/www.google.com\/maps\/dir\/\/48.5707379,17.8308848\/@48.570738,17.830885,14z?hl=en\"><\/p>\n<h4 class=\"text-center\">Click here for detailed instructions.<\/class><\/a><\/p>\n<\/div><\/section>\n","protected":false},"excerpt":{"rendered":"","protected":false},"author":1,"featured_media":0,"parent":0,"menu_order":0,"comment_status":"open","ping_status":"open","template":"","meta":[],"yoast_head":"<!-- This site is optimized with the Yoast SEO plugin v20.7 - https:\/\/yoast.com\/wordpress\/plugins\/seo\/ -->\n<title>Contact Us &ndash; Vlnka Apartments, Pie\u0161\u0165any, Slovakia<\/title>\n<meta name=\"description\" content=\"Vlnka Apartm\u00e1ny a baz\u00e9n s\u00fa situovan\u00e9 priamo pri pie\u0161\u0165anskej S\u013a\u0148ave, na opa\u010dnom brehu V\u00e1hu ako mesto, a jednoducho dostupn\u00e9 z dia\u013enice D2.\" \/>\n<meta name=\"robots\" content=\"index, follow, max-snippet:-1, max-image-preview:large, max-video-preview:-1\" \/>\n<link rel=\"canonical\" href=\"https:\/\/www.vlnka.info\/en\/contact\/\" \/>\n<meta property=\"og:locale\" content=\"en_US\" \/>\n<meta property=\"og:type\" content=\"article\" \/>\n<meta property=\"og:title\" content=\"Contact Us &ndash; Vlnka Apartments, Pie\u0161\u0165any, Slovakia\" \/>\n<meta property=\"og:description\" content=\"Vlnka Apartm\u00e1ny a baz\u00e9n s\u00fa situovan\u00e9 priamo pri pie\u0161\u0165anskej S\u013a\u0148ave, na opa\u010dnom brehu V\u00e1hu ako mesto, a jednoducho dostupn\u00e9 z dia\u013enice D2.\" \/>\n<meta property=\"og:url\" content=\"https:\/\/www.vlnka.info\/en\/contact\/\" \/>\n<meta property=\"og:site_name\" content=\"Vlnka Apartments, Pie\u0161\u0165any, Slovakia\" \/>\n<meta property=\"article:publisher\" content=\"https:\/\/www.facebook.com\/vlnkaapartmantsandpool\" \/>\n<meta property=\"article:modified_time\" content=\"2024-12-04T15:59:56+00:00\" \/>\n<meta name=\"twitter:card\" content=\"summary_large_image\" \/>\n<meta name=\"twitter:label1\" content=\"Est. reading time\" \/>\n\t<meta name=\"twitter:data1\" content=\"1 minute\" \/>\n<script type=\"application\/ld+json\" class=\"yoast-schema-graph\">{\"@context\":\"https:\/\/schema.org\",\"@graph\":[{\"@type\":\"WebPage\",\"@id\":\"https:\/\/www.vlnka.info\/en\/contact\/\",\"url\":\"https:\/\/www.vlnka.info\/en\/contact\/\",\"name\":\"Contact Us &ndash; Vlnka Apartments, Pie\u0161\u0165any, Slovakia\",\"isPartOf\":{\"@id\":\"https:\/\/www.vlnka.info\/#website\"},\"datePublished\":\"2013-09-02T14:30:00+00:00\",\"dateModified\":\"2024-12-04T15:59:56+00:00\",\"description\":\"Vlnka Apartm\u00e1ny a baz\u00e9n s\u00fa situovan\u00e9 priamo pri pie\u0161\u0165anskej S\u013a\u0148ave, na opa\u010dnom brehu V\u00e1hu ako mesto, a jednoducho dostupn\u00e9 z dia\u013enice D2.\",\"breadcrumb\":{\"@id\":\"https:\/\/www.vlnka.info\/en\/contact\/#breadcrumb\"},\"inLanguage\":\"en-US\",\"potentialAction\":[{\"@type\":\"ReadAction\",\"target\":[\"https:\/\/www.vlnka.info\/en\/contact\/\"]}]},{\"@type\":\"BreadcrumbList\",\"@id\":\"https:\/\/www.vlnka.info\/en\/contact\/#breadcrumb\",\"itemListElement\":[{\"@type\":\"ListItem\",\"position\":1,\"name\":\"Domovsk\u00e1 str\u00e1nka\",\"item\":\"https:\/\/www.vlnka.info\/en\/\"},{\"@type\":\"ListItem\",\"position\":2,\"name\":\"Contact Us\"}]},{\"@type\":\"WebSite\",\"@id\":\"https:\/\/www.vlnka.info\/#website\",\"url\":\"https:\/\/www.vlnka.info\/\",\"name\":\"Vlnka Apartments, Pie\u0161\u0165any, Slovakia\",\"description\":\"\u0160t\u00fdlov\u00fd rodinn\u00fd hotel apartm\u00e1nov\u00e9ho typu s vyhrievan\u00fdm baz\u00e9nom so slanou vodou v rekrea\u010dnej oblasti len p\u00e1r metrov od jazera S\u013e\u0148ava pri Pie\u0161\u0165anoch.\",\"potentialAction\":[{\"@type\":\"SearchAction\",\"target\":{\"@type\":\"EntryPoint\",\"urlTemplate\":\"https:\/\/www.vlnka.info\/?s={search_term_string}\"},\"query-input\":\"required name=search_term_string\"}],\"inLanguage\":\"en-US\"}]}<\/script>\n<!-- \/ Yoast SEO plugin. -->","yoast_head_json":{"title":"Contact Us &ndash; Vlnka Apartments, Pie\u0161\u0165any, Slovakia","description":"Vlnka Apartm\u00e1ny a baz\u00e9n s\u00fa situovan\u00e9 priamo pri pie\u0161\u0165anskej S\u013a\u0148ave, na opa\u010dnom brehu V\u00e1hu ako mesto, a jednoducho dostupn\u00e9 z dia\u013enice D2.","robots":{"index":"index","follow":"follow","max-snippet":"max-snippet:-1","max-image-preview":"max-image-preview:large","max-video-preview":"max-video-preview:-1"},"canonical":"https:\/\/www.vlnka.info\/en\/contact\/","og_locale":"en_US","og_type":"article","og_title":"Contact Us &ndash; Vlnka Apartments, Pie\u0161\u0165any, Slovakia","og_description":"Vlnka Apartm\u00e1ny a baz\u00e9n s\u00fa situovan\u00e9 priamo pri pie\u0161\u0165anskej S\u013a\u0148ave, na opa\u010dnom brehu V\u00e1hu ako mesto, a jednoducho dostupn\u00e9 z dia\u013enice D2.","og_url":"https:\/\/www.vlnka.info\/en\/contact\/","og_site_name":"Vlnka Apartments, Pie\u0161\u0165any, Slovakia","article_publisher":"https:\/\/www.facebook.com\/vlnkaapartmantsandpool","article_modified_time":"2024-12-04T15:59:56+00:00","twitter_card":"summary_large_image","twitter_misc":{"Est. reading time":"1 minute"},"schema":{"@context":"https:\/\/schema.org","@graph":[{"@type":"WebPage","@id":"https:\/\/www.vlnka.info\/en\/contact\/","url":"https:\/\/www.vlnka.info\/en\/contact\/","name":"Contact Us &ndash; Vlnka Apartments, Pie\u0161\u0165any, Slovakia","isPartOf":{"@id":"https:\/\/www.vlnka.info\/#website"},"datePublished":"2013-09-02T14:30:00+00:00","dateModified":"2024-12-04T15:59:56+00:00","description":"Vlnka Apartm\u00e1ny a baz\u00e9n s\u00fa situovan\u00e9 priamo pri pie\u0161\u0165anskej S\u013a\u0148ave, na opa\u010dnom brehu V\u00e1hu ako mesto, a jednoducho dostupn\u00e9 z dia\u013enice D2.","breadcrumb":{"@id":"https:\/\/www.vlnka.info\/en\/contact\/#breadcrumb"},"inLanguage":"en-US","potentialAction":[{"@type":"ReadAction","target":["https:\/\/www.vlnka.info\/en\/contact\/"]}]},{"@type":"BreadcrumbList","@id":"https:\/\/www.vlnka.info\/en\/contact\/#breadcrumb","itemListElement":[{"@type":"ListItem","position":1,"name":"Domovsk\u00e1 str\u00e1nka","item":"https:\/\/www.vlnka.info\/en\/"},{"@type":"ListItem","position":2,"name":"Contact Us"}]},{"@type":"WebSite","@id":"https:\/\/www.vlnka.info\/#website","url":"https:\/\/www.vlnka.info\/","name":"Vlnka Apartments, Pie\u0161\u0165any, Slovakia","description":"\u0160t\u00fdlov\u00fd rodinn\u00fd hotel apartm\u00e1nov\u00e9ho typu s vyhrievan\u00fdm baz\u00e9nom so slanou vodou v rekrea\u010dnej oblasti len p\u00e1r metrov od jazera S\u013e\u0148ava pri Pie\u0161\u0165anoch.","potentialAction":[{"@type":"SearchAction","target":{"@type":"EntryPoint","urlTemplate":"https:\/\/www.vlnka.info\/?s={search_term_string}"},"query-input":"required name=search_term_string"}],"inLanguage":"en-US"}]}},"_links":{"self":[{"href":"https:\/\/www.vlnka.info\/en\/wp-json\/wp\/v2\/pages\/2824"}],"collection":[{"href":"https:\/\/www.vlnka.info\/en\/wp-json\/wp\/v2\/pages"}],"about":[{"href":"https:\/\/www.vlnka.info\/en\/wp-json\/wp\/v2\/types\/page"}],"author":[{"embeddable":true,"href":"https:\/\/www.vlnka.info\/en\/wp-json\/wp\/v2\/users\/1"}],"replies":[{"embeddable":true,"href":"https:\/\/www.vlnka.info\/en\/wp-json\/wp\/v2\/comments?post=2824"}],"version-history":[{"count":18,"href":"https:\/\/www.vlnka.info\/en\/wp-json\/wp\/v2\/pages\/2824\/revisions"}],"predecessor-version":[{"id":8479,"href":"https:\/\/www.vlnka.info\/en\/wp-json\/wp\/v2\/pages\/2824\/revisions\/8479"}],"wp:attachment":[{"href":"https:\/\/www.vlnka.info\/en\/wp-json\/wp\/v2\/media?parent=2824"}],"curies":[{"name":"wp","href":"https:\/\/api.w.org\/{rel}","templated":true}]}}