{"id":2858,"date":"2015-03-02T17:34:40","date_gmt":"2015-03-02T15:34:40","guid":{"rendered":"http:\/\/www.vlnka.info\/en\/bazen-cafe\/"},"modified":"2023-01-04T18:39:11","modified_gmt":"2023-01-04T16:39:11","slug":"pool","status":"publish","type":"page","link":"https:\/\/www.vlnka.info\/en\/pool\/","title":{"rendered":"Pool"},"content":{"rendered":"<section class=\"section section-slim swatch-white \"><div class=\"container-fluid\"><div id=\"flexslider-31\" class=\"flexslider feature-slider\" data-flex-animation=\"fade\" data-flex-controlsalign=\"center\" data-flex-controlsposition=\"inside\" data-flex-directions=\"show\" data-flex-directions-type=\"simple\" data-flex-speed=\"4000\" data-flex-controls=\"hide\" data-flex-slideshow=\"true\" data-flex-duration=\"600\" data-flex-captionvertical=\"bottom\" data-flex-captionhorizontal=\"left\"><ul class=\"slides\"><li><figure><img width=\"2560\" height=\"640\" src=\"https:\/\/www.vlnka.info\/wp-content\/uploads\/2015\/03\/bazen-cafe_01.jpg\" class=\"attachment-full size-full wp-post-image\" alt=\"Baz\u00e9n Vlnka\" decoding=\"async\" loading=\"lazy\" srcset=\"https:\/\/www.vlnka.info\/wp-content\/uploads\/2015\/03\/bazen-cafe_01.jpg 2560w, https:\/\/www.vlnka.info\/wp-content\/uploads\/2015\/03\/bazen-cafe_01-300x75.jpg 300w, https:\/\/www.vlnka.info\/wp-content\/uploads\/2015\/03\/bazen-cafe_01-1024x256.jpg 1024w\" sizes=\"(max-width: 2560px) 100vw, 2560px\" \/><\/figure><\/li><li><figure><img width=\"2560\" height=\"640\" src=\"https:\/\/www.vlnka.info\/wp-content\/uploads\/2015\/03\/bazen-cafe_02.jpg\" class=\"attachment-full size-full wp-post-image\" alt=\"Baz\u00e9n Vlnka\" decoding=\"async\" loading=\"lazy\" srcset=\"https:\/\/www.vlnka.info\/wp-content\/uploads\/2015\/03\/bazen-cafe_02.jpg 2560w, https:\/\/www.vlnka.info\/wp-content\/uploads\/2015\/03\/bazen-cafe_02-300x75.jpg 300w, https:\/\/www.vlnka.info\/wp-content\/uploads\/2015\/03\/bazen-cafe_02-1024x256.jpg 1024w\" sizes=\"(max-width: 2560px) 100vw, 2560px\" \/><\/figure><\/li><\/ul><\/div><\/div><\/section>\n<section class=\"section  swatch-greensea \"><div class=\"container\">\n<div class=\"box-round box-medium\"><\/div>\n<h1 class=\"text-center\">Swimming pool with heated water<\/h1>\n<p class=\"lead-big\">Guests enjoy access to our pool free of charge. The pool\u2019s salt water is solar heated and its temperature ranges from 26 to 31\u00b0C. Some 13m long, 4.5m wide and 1.3m deep, the Vlnka pool contains saline water. The pool is either open or covered, depending on the current weather and temperature and is perfect for both leisurely and recreational swimming. It is suitable for all age categories, including small children.<\/p>\n<hr \/>\n<div class=\"row-fluid\">\n<div class=\"span4\">\n<h2 align=\"center\">About<\/h2>\n<p>The price of admission includes access to women\u2019s and men\u2019s changing rooms with lockers, changing tables for babies, women\u2019s and men\u2019s toilets, showers, covered chillout zones with loungers and outdoor sun terrace and spacious garden with deckchairs and parasols, trampoline, children\u2019s playground, etc. We will be glad to rent you a towel (\u20ac1) while you can also purchase disposal children\u2019s swimming diapers, should you forget to bring some. A Jacuzzi and sauna will be installed in the near future.<br \/>\n<\/div>\n<div class=\"span8\">\n<h2 align=\"center\">The water at Vlnka<\/h2>\n<p>The water at Vlnka is saline. The water in our pool is disinfected using a saline electrolysis process in which sea salt (sodium chloride &#8211; NaCl) decomposes, creating free chlorine. The pool\u2019s water is very mildly saline, around one-eighth the salinity of sea water. The ratio of dissolved salt is approximately 4\u20135 kg to 1m<sup>3<\/sup> of water. This method has major advantages over conventional chlorine disinfection (e.g., using Sodium hypochlorite). The movement of water around the electrodes, in which the chlorine is released, leads to the elimination of bound chlorine, which is a serious threat to bathers as it is acts as a carcinogen. Bound chlorine is created by the merger of organic impurities with free chlorine.<\/p>\n<p>The beneficial effects of saline water are another positive of this method. It doesn\u2019t cause skin drying, irritate the eyes or mucous membranes, or cause allergic reactions. This water is therefore suitable for even the tiniest swimmers. The water at Vlnka is disinfected through continuous recirculation. We filter the water via two 14m<sup>3<\/sup>\/hour pumps. This means that the entire volume of the pool (c. 70m<sup>3<\/sup>) is filtered in less than three hours<\/p>\n<p>The Vlnka\u2019s water is heated by solar collectors or, if weather conditions are unfavourable, by heat pumps. Water temperature ranges from 26\u201330\u00b0C. The pool can be covered when air temperatures are lower, while there is underfloor heating in the chillout zone by the pool.<br \/>\n<\/div>\n<\/div>\n<\/div><\/section>\n","protected":false},"excerpt":{"rendered":"","protected":false},"author":1,"featured_media":0,"parent":0,"menu_order":0,"comment_status":"open","ping_status":"open","template":"","meta":[],"yoast_head":"<!-- This site is optimized with the Yoast SEO plugin v20.7 - https:\/\/yoast.com\/wordpress\/plugins\/seo\/ -->\n<title>Pool &ndash; Vlnka Apartments, Pie\u0161\u0165any, Slovakia<\/title>\n<meta name=\"description\" content=\"Baz\u00e9n so slanou vodou, ktor\u00fd mo\u017eno u\u017e\u00edva\u0165 otvoren\u00fd alebo zastre\u0161en\u00fd, vhodn\u00fd pre relax\u00e1ciu a rekrea\u010dn\u00e9 pl\u00e1vanie pre v\u0161etky vekov\u00e9 kateg\u00f3rie aj mal\u00e9 deti.\" \/>\n<meta name=\"robots\" content=\"index, follow, max-snippet:-1, max-image-preview:large, max-video-preview:-1\" \/>\n<link rel=\"canonical\" href=\"https:\/\/www.vlnka.info\/en\/pool\/\" \/>\n<meta property=\"og:locale\" content=\"en_US\" \/>\n<meta property=\"og:type\" content=\"article\" \/>\n<meta property=\"og:title\" content=\"Pool &ndash; Vlnka Apartments, Pie\u0161\u0165any, Slovakia\" \/>\n<meta property=\"og:description\" content=\"Baz\u00e9n so slanou vodou, ktor\u00fd mo\u017eno u\u017e\u00edva\u0165 otvoren\u00fd alebo zastre\u0161en\u00fd, vhodn\u00fd pre relax\u00e1ciu a rekrea\u010dn\u00e9 pl\u00e1vanie pre v\u0161etky vekov\u00e9 kateg\u00f3rie aj mal\u00e9 deti.\" \/>\n<meta property=\"og:url\" content=\"https:\/\/www.vlnka.info\/en\/pool\/\" \/>\n<meta property=\"og:site_name\" content=\"Vlnka Apartments, Pie\u0161\u0165any, Slovakia\" \/>\n<meta property=\"article:publisher\" content=\"https:\/\/www.facebook.com\/vlnkaapartmantsandpool\" \/>\n<meta property=\"article:modified_time\" content=\"2023-01-04T16:39:11+00:00\" \/>\n<meta name=\"twitter:card\" content=\"summary_large_image\" \/>\n<meta name=\"twitter:label1\" content=\"Est. reading time\" \/>\n\t<meta name=\"twitter:data1\" content=\"2 minutes\" \/>\n<script type=\"application\/ld+json\" class=\"yoast-schema-graph\">{\"@context\":\"https:\/\/schema.org\",\"@graph\":[{\"@type\":\"WebPage\",\"@id\":\"https:\/\/www.vlnka.info\/en\/pool\/\",\"url\":\"https:\/\/www.vlnka.info\/en\/pool\/\",\"name\":\"Pool &ndash; Vlnka Apartments, Pie\u0161\u0165any, Slovakia\",\"isPartOf\":{\"@id\":\"https:\/\/www.vlnka.info\/#website\"},\"datePublished\":\"2015-03-02T15:34:40+00:00\",\"dateModified\":\"2023-01-04T16:39:11+00:00\",\"description\":\"Baz\u00e9n so slanou vodou, ktor\u00fd mo\u017eno u\u017e\u00edva\u0165 otvoren\u00fd alebo zastre\u0161en\u00fd, vhodn\u00fd pre relax\u00e1ciu a rekrea\u010dn\u00e9 pl\u00e1vanie pre v\u0161etky vekov\u00e9 kateg\u00f3rie aj mal\u00e9 deti.\",\"breadcrumb\":{\"@id\":\"https:\/\/www.vlnka.info\/en\/pool\/#breadcrumb\"},\"inLanguage\":\"en-US\",\"potentialAction\":[{\"@type\":\"ReadAction\",\"target\":[\"https:\/\/www.vlnka.info\/en\/pool\/\"]}]},{\"@type\":\"BreadcrumbList\",\"@id\":\"https:\/\/www.vlnka.info\/en\/pool\/#breadcrumb\",\"itemListElement\":[{\"@type\":\"ListItem\",\"position\":1,\"name\":\"Domovsk\u00e1 str\u00e1nka\",\"item\":\"https:\/\/www.vlnka.info\/en\/\"},{\"@type\":\"ListItem\",\"position\":2,\"name\":\"Pool\"}]},{\"@type\":\"WebSite\",\"@id\":\"https:\/\/www.vlnka.info\/#website\",\"url\":\"https:\/\/www.vlnka.info\/\",\"name\":\"Vlnka Apartments, Pie\u0161\u0165any, Slovakia\",\"description\":\"\u0160t\u00fdlov\u00fd rodinn\u00fd hotel apartm\u00e1nov\u00e9ho typu s vyhrievan\u00fdm baz\u00e9nom so slanou vodou v rekrea\u010dnej oblasti len p\u00e1r metrov od jazera S\u013e\u0148ava pri Pie\u0161\u0165anoch.\",\"potentialAction\":[{\"@type\":\"SearchAction\",\"target\":{\"@type\":\"EntryPoint\",\"urlTemplate\":\"https:\/\/www.vlnka.info\/?s={search_term_string}\"},\"query-input\":\"required name=search_term_string\"}],\"inLanguage\":\"en-US\"}]}<\/script>\n<!-- \/ Yoast SEO plugin. -->","yoast_head_json":{"title":"Pool &ndash; Vlnka Apartments, Pie\u0161\u0165any, Slovakia","description":"Baz\u00e9n so slanou vodou, ktor\u00fd mo\u017eno u\u017e\u00edva\u0165 otvoren\u00fd alebo zastre\u0161en\u00fd, vhodn\u00fd pre relax\u00e1ciu a rekrea\u010dn\u00e9 pl\u00e1vanie pre v\u0161etky vekov\u00e9 kateg\u00f3rie aj mal\u00e9 deti.","robots":{"index":"index","follow":"follow","max-snippet":"max-snippet:-1","max-image-preview":"max-image-preview:large","max-video-preview":"max-video-preview:-1"},"canonical":"https:\/\/www.vlnka.info\/en\/pool\/","og_locale":"en_US","og_type":"article","og_title":"Pool &ndash; Vlnka Apartments, Pie\u0161\u0165any, Slovakia","og_description":"Baz\u00e9n so slanou vodou, ktor\u00fd mo\u017eno u\u017e\u00edva\u0165 otvoren\u00fd alebo zastre\u0161en\u00fd, vhodn\u00fd pre relax\u00e1ciu a rekrea\u010dn\u00e9 pl\u00e1vanie pre v\u0161etky vekov\u00e9 kateg\u00f3rie aj mal\u00e9 deti.","og_url":"https:\/\/www.vlnka.info\/en\/pool\/","og_site_name":"Vlnka Apartments, Pie\u0161\u0165any, Slovakia","article_publisher":"https:\/\/www.facebook.com\/vlnkaapartmantsandpool","article_modified_time":"2023-01-04T16:39:11+00:00","twitter_card":"summary_large_image","twitter_misc":{"Est. reading time":"2 minutes"},"schema":{"@context":"https:\/\/schema.org","@graph":[{"@type":"WebPage","@id":"https:\/\/www.vlnka.info\/en\/pool\/","url":"https:\/\/www.vlnka.info\/en\/pool\/","name":"Pool &ndash; Vlnka Apartments, Pie\u0161\u0165any, Slovakia","isPartOf":{"@id":"https:\/\/www.vlnka.info\/#website"},"datePublished":"2015-03-02T15:34:40+00:00","dateModified":"2023-01-04T16:39:11+00:00","description":"Baz\u00e9n so slanou vodou, ktor\u00fd mo\u017eno u\u017e\u00edva\u0165 otvoren\u00fd alebo zastre\u0161en\u00fd, vhodn\u00fd pre relax\u00e1ciu a rekrea\u010dn\u00e9 pl\u00e1vanie pre v\u0161etky vekov\u00e9 kateg\u00f3rie aj mal\u00e9 deti.","breadcrumb":{"@id":"https:\/\/www.vlnka.info\/en\/pool\/#breadcrumb"},"inLanguage":"en-US","potentialAction":[{"@type":"ReadAction","target":["https:\/\/www.vlnka.info\/en\/pool\/"]}]},{"@type":"BreadcrumbList","@id":"https:\/\/www.vlnka.info\/en\/pool\/#breadcrumb","itemListElement":[{"@type":"ListItem","position":1,"name":"Domovsk\u00e1 str\u00e1nka","item":"https:\/\/www.vlnka.info\/en\/"},{"@type":"ListItem","position":2,"name":"Pool"}]},{"@type":"WebSite","@id":"https:\/\/www.vlnka.info\/#website","url":"https:\/\/www.vlnka.info\/","name":"Vlnka Apartments, Pie\u0161\u0165any, Slovakia","description":"\u0160t\u00fdlov\u00fd rodinn\u00fd hotel apartm\u00e1nov\u00e9ho typu s vyhrievan\u00fdm baz\u00e9nom so slanou vodou v rekrea\u010dnej oblasti len p\u00e1r metrov od jazera S\u013e\u0148ava pri Pie\u0161\u0165anoch.","potentialAction":[{"@type":"SearchAction","target":{"@type":"EntryPoint","urlTemplate":"https:\/\/www.vlnka.info\/?s={search_term_string}"},"query-input":"required name=search_term_string"}],"inLanguage":"en-US"}]}},"_links":{"self":[{"href":"https:\/\/www.vlnka.info\/en\/wp-json\/wp\/v2\/pages\/2858"}],"collection":[{"href":"https:\/\/www.vlnka.info\/en\/wp-json\/wp\/v2\/pages"}],"about":[{"href":"https:\/\/www.vlnka.info\/en\/wp-json\/wp\/v2\/types\/page"}],"author":[{"embeddable":true,"href":"https:\/\/www.vlnka.info\/en\/wp-json\/wp\/v2\/users\/1"}],"replies":[{"embeddable":true,"href":"https:\/\/www.vlnka.info\/en\/wp-json\/wp\/v2\/comments?post=2858"}],"version-history":[{"count":17,"href":"https:\/\/www.vlnka.info\/en\/wp-json\/wp\/v2\/pages\/2858\/revisions"}],"predecessor-version":[{"id":7680,"href":"https:\/\/www.vlnka.info\/en\/wp-json\/wp\/v2\/pages\/2858\/revisions\/7680"}],"wp:attachment":[{"href":"https:\/\/www.vlnka.info\/en\/wp-json\/wp\/v2\/media?parent=2858"}],"curies":[{"name":"wp","href":"https:\/\/api.w.org\/{rel}","templated":true}]}}