{"id":6789,"date":"2021-04-29T10:10:46","date_gmt":"2021-04-29T08:10:46","guid":{"rendered":"https:\/\/www.vlnka.info\/en\/?page_id=6789"},"modified":"2023-01-04T18:55:18","modified_gmt":"2023-01-04T16:55:18","slug":"cafe","status":"publish","type":"page","link":"https:\/\/www.vlnka.info\/en\/cafe\/","title":{"rendered":"Caf\u00e9"},"content":{"rendered":"<section class=\"section section-slim swatch-white \"><div class=\"container-fluid\"><div id=\"flexslider-16\" class=\"flexslider feature-slider\" data-flex-animation=\"fade\" data-flex-controlsalign=\"center\" data-flex-controlsposition=\"inside\" data-flex-directions=\"show\" data-flex-directions-type=\"simple\" data-flex-speed=\"4000\" data-flex-controls=\"hide\" data-flex-slideshow=\"true\" data-flex-duration=\"600\" data-flex-captionvertical=\"bottom\" data-flex-captionhorizontal=\"left\"><ul class=\"slides\"><li><figure><img width=\"2560\" height=\"640\" src=\"https:\/\/www.vlnka.info\/wp-content\/uploads\/2015\/03\/vlnka_bar.jpg\" class=\"attachment-full size-full wp-post-image\" alt=\"\" decoding=\"async\" loading=\"lazy\" srcset=\"https:\/\/www.vlnka.info\/wp-content\/uploads\/2015\/03\/vlnka_bar.jpg 2560w, https:\/\/www.vlnka.info\/wp-content\/uploads\/2015\/03\/vlnka_bar-300x75.jpg 300w, https:\/\/www.vlnka.info\/wp-content\/uploads\/2015\/03\/vlnka_bar-1024x256.jpg 1024w\" sizes=\"(max-width: 2560px) 100vw, 2560px\" \/><\/figure><\/li><\/ul><\/div><\/div><\/section>\n<section class=\"section  swatch-nephritis \"><div class=\"container\">\n<div class=\"box-round box-medium\"><\/div>\n<p><a name=\"cafe\"><\/a><\/p>\n<h1 class=\"text-center\">Caf\u00e9<\/h1>\n<p class=\"lead-big\">We all need coffee, right? At the Vlnka Caf\u00e9 we serve fresh coffee from the Coffee Sheep roasting company, excellent homemade lemonades, traditional soft and alcoholic drinks. cocktails and sweet and savoury delicacies from the local Pek\u00e1re\u0148 Drahovce.<\/p>\n<hr \/>\n<div class=\"row-fluid\">\n<div class=\"span6\">\n<h2 align=\"center\">Breakfast<\/h2>\n<p>Many people will agree that breakfast is the most important meal of the day. We\u2019re are very aware of that at VLNKA &#8211; that\u2019s why we serve it all day.<br \/>\n<\/div>\n<div class=\"span6\">\n<h2 align=\"center\">Bar<\/h2>\n<p>You don\u2019t need to stock up in advance or to beg your neighbour for his secret supply. Come join us at our bar. It\u2019s ready for (almost) anything and the staff really know their jobs. They won\u2019t just hand you corkscrew &#8211; they\u2019ll serve you and be glad to listen to whatever\u2019s on your mind.<br \/>\n<\/div>\n<\/div>\n<\/div><\/section>\n","protected":false},"excerpt":{"rendered":"","protected":false},"author":1,"featured_media":0,"parent":0,"menu_order":0,"comment_status":"closed","ping_status":"closed","template":"","meta":[],"yoast_head":"<!-- This site is optimized with the Yoast SEO plugin v20.7 - https:\/\/yoast.com\/wordpress\/plugins\/seo\/ -->\n<title>Caf\u00e9 &ndash; Vlnka Apartments, Pie\u0161\u0165any, Slovakia<\/title>\n<meta name=\"robots\" content=\"index, follow, max-snippet:-1, max-image-preview:large, max-video-preview:-1\" \/>\n<link rel=\"canonical\" href=\"https:\/\/www.vlnka.info\/en\/cafe\/\" \/>\n<meta property=\"og:locale\" content=\"en_US\" \/>\n<meta property=\"og:type\" content=\"article\" \/>\n<meta property=\"og:title\" content=\"Caf\u00e9 &ndash; Vlnka Apartments, Pie\u0161\u0165any, Slovakia\" \/>\n<meta property=\"og:url\" content=\"https:\/\/www.vlnka.info\/en\/cafe\/\" \/>\n<meta property=\"og:site_name\" content=\"Vlnka Apartments, Pie\u0161\u0165any, Slovakia\" \/>\n<meta property=\"article:publisher\" content=\"https:\/\/www.facebook.com\/vlnkaapartmantsandpool\" \/>\n<meta property=\"article:modified_time\" content=\"2023-01-04T16:55:18+00:00\" \/>\n<meta name=\"twitter:card\" content=\"summary_large_image\" \/>\n<meta name=\"twitter:label1\" content=\"Est. reading time\" \/>\n\t<meta name=\"twitter:data1\" content=\"1 minute\" \/>\n<script type=\"application\/ld+json\" class=\"yoast-schema-graph\">{\"@context\":\"https:\/\/schema.org\",\"@graph\":[{\"@type\":\"WebPage\",\"@id\":\"https:\/\/www.vlnka.info\/en\/cafe\/\",\"url\":\"https:\/\/www.vlnka.info\/en\/cafe\/\",\"name\":\"Caf\u00e9 &ndash; Vlnka Apartments, Pie\u0161\u0165any, Slovakia\",\"isPartOf\":{\"@id\":\"https:\/\/www.vlnka.info\/#website\"},\"datePublished\":\"2021-04-29T08:10:46+00:00\",\"dateModified\":\"2023-01-04T16:55:18+00:00\",\"breadcrumb\":{\"@id\":\"https:\/\/www.vlnka.info\/en\/cafe\/#breadcrumb\"},\"inLanguage\":\"en-US\",\"potentialAction\":[{\"@type\":\"ReadAction\",\"target\":[\"https:\/\/www.vlnka.info\/en\/cafe\/\"]}]},{\"@type\":\"BreadcrumbList\",\"@id\":\"https:\/\/www.vlnka.info\/en\/cafe\/#breadcrumb\",\"itemListElement\":[{\"@type\":\"ListItem\",\"position\":1,\"name\":\"Domovsk\u00e1 str\u00e1nka\",\"item\":\"https:\/\/www.vlnka.info\/en\/\"},{\"@type\":\"ListItem\",\"position\":2,\"name\":\"Caf\u00e9\"}]},{\"@type\":\"WebSite\",\"@id\":\"https:\/\/www.vlnka.info\/#website\",\"url\":\"https:\/\/www.vlnka.info\/\",\"name\":\"Vlnka Apartments, Pie\u0161\u0165any, Slovakia\",\"description\":\"\u0160t\u00fdlov\u00fd rodinn\u00fd hotel apartm\u00e1nov\u00e9ho typu s vyhrievan\u00fdm baz\u00e9nom so slanou vodou v rekrea\u010dnej oblasti len p\u00e1r metrov od jazera S\u013e\u0148ava pri Pie\u0161\u0165anoch.\",\"potentialAction\":[{\"@type\":\"SearchAction\",\"target\":{\"@type\":\"EntryPoint\",\"urlTemplate\":\"https:\/\/www.vlnka.info\/?s={search_term_string}\"},\"query-input\":\"required name=search_term_string\"}],\"inLanguage\":\"en-US\"}]}<\/script>\n<!-- \/ Yoast SEO plugin. -->","yoast_head_json":{"title":"Caf\u00e9 &ndash; Vlnka Apartments, Pie\u0161\u0165any, Slovakia","robots":{"index":"index","follow":"follow","max-snippet":"max-snippet:-1","max-image-preview":"max-image-preview:large","max-video-preview":"max-video-preview:-1"},"canonical":"https:\/\/www.vlnka.info\/en\/cafe\/","og_locale":"en_US","og_type":"article","og_title":"Caf\u00e9 &ndash; Vlnka Apartments, Pie\u0161\u0165any, Slovakia","og_url":"https:\/\/www.vlnka.info\/en\/cafe\/","og_site_name":"Vlnka Apartments, Pie\u0161\u0165any, Slovakia","article_publisher":"https:\/\/www.facebook.com\/vlnkaapartmantsandpool","article_modified_time":"2023-01-04T16:55:18+00:00","twitter_card":"summary_large_image","twitter_misc":{"Est. reading time":"1 minute"},"schema":{"@context":"https:\/\/schema.org","@graph":[{"@type":"WebPage","@id":"https:\/\/www.vlnka.info\/en\/cafe\/","url":"https:\/\/www.vlnka.info\/en\/cafe\/","name":"Caf\u00e9 &ndash; Vlnka Apartments, Pie\u0161\u0165any, Slovakia","isPartOf":{"@id":"https:\/\/www.vlnka.info\/#website"},"datePublished":"2021-04-29T08:10:46+00:00","dateModified":"2023-01-04T16:55:18+00:00","breadcrumb":{"@id":"https:\/\/www.vlnka.info\/en\/cafe\/#breadcrumb"},"inLanguage":"en-US","potentialAction":[{"@type":"ReadAction","target":["https:\/\/www.vlnka.info\/en\/cafe\/"]}]},{"@type":"BreadcrumbList","@id":"https:\/\/www.vlnka.info\/en\/cafe\/#breadcrumb","itemListElement":[{"@type":"ListItem","position":1,"name":"Domovsk\u00e1 str\u00e1nka","item":"https:\/\/www.vlnka.info\/en\/"},{"@type":"ListItem","position":2,"name":"Caf\u00e9"}]},{"@type":"WebSite","@id":"https:\/\/www.vlnka.info\/#website","url":"https:\/\/www.vlnka.info\/","name":"Vlnka Apartments, Pie\u0161\u0165any, Slovakia","description":"\u0160t\u00fdlov\u00fd rodinn\u00fd hotel apartm\u00e1nov\u00e9ho typu s vyhrievan\u00fdm baz\u00e9nom so slanou vodou v rekrea\u010dnej oblasti len p\u00e1r metrov od jazera S\u013e\u0148ava pri Pie\u0161\u0165anoch.","potentialAction":[{"@type":"SearchAction","target":{"@type":"EntryPoint","urlTemplate":"https:\/\/www.vlnka.info\/?s={search_term_string}"},"query-input":"required name=search_term_string"}],"inLanguage":"en-US"}]}},"_links":{"self":[{"href":"https:\/\/www.vlnka.info\/en\/wp-json\/wp\/v2\/pages\/6789"}],"collection":[{"href":"https:\/\/www.vlnka.info\/en\/wp-json\/wp\/v2\/pages"}],"about":[{"href":"https:\/\/www.vlnka.info\/en\/wp-json\/wp\/v2\/types\/page"}],"author":[{"embeddable":true,"href":"https:\/\/www.vlnka.info\/en\/wp-json\/wp\/v2\/users\/1"}],"replies":[{"embeddable":true,"href":"https:\/\/www.vlnka.info\/en\/wp-json\/wp\/v2\/comments?post=6789"}],"version-history":[{"count":3,"href":"https:\/\/www.vlnka.info\/en\/wp-json\/wp\/v2\/pages\/6789\/revisions"}],"predecessor-version":[{"id":7697,"href":"https:\/\/www.vlnka.info\/en\/wp-json\/wp\/v2\/pages\/6789\/revisions\/7697"}],"wp:attachment":[{"href":"https:\/\/www.vlnka.info\/en\/wp-json\/wp\/v2\/media?parent=6789"}],"curies":[{"name":"wp","href":"https:\/\/api.w.org\/{rel}","templated":true}]}}